{"id":3,"date":"2024-04-24T13:41:39","date_gmt":"2024-04-24T11:41:39","guid":{"rendered":"http:\/\/fafatiki.com\/?page_id=3"},"modified":"2024-12-03T16:47:37","modified_gmt":"2024-12-03T15:47:37","slug":"politique-de-confidentialite","status":"publish","type":"page","link":"https:\/\/fafatiki.com\/index.php\/politique-de-confidentialite\/","title":{"rendered":"Politique de confidentialit\u00e9"},"content":{"rendered":"\n<h6 class=\"wp-block-heading\"><strong>Qui sommes-nous ?<\/strong><br>L\u2019adresse de notre site web est : <a href=\"http:\/\/fafatiki.com\">https:\/\/fafatiki.com<\/a>.<br>Notre \u00e9tablissement, le Fafa Tiki Bar, est situ\u00e9 au <strong>991 B AV DU PRESIDENT SALVADOR ALLENDE, 26800 PORTES-LES-VALENCE<\/strong>.<br>Nous sommes actifs depuis le <strong>15 mai 2024<\/strong>. Notre SIRET est <strong>92890759100012<\/strong>.<\/h6>\n\n\n\n<hr class=\"wp-block-separator has-alpha-channel-opacity\"\/>\n\n\n\n<p><strong>Commentaires<\/strong><br>Lorsque vous laissez un commentaire sur notre site, les donn\u00e9es inscrites dans le formulaire de commentaire, ainsi que votre adresse IP et l\u2019agent utilisateur de votre navigateur, sont collect\u00e9s pour d\u00e9tecter les commentaires ind\u00e9sirables.<\/p>\n\n\n\n<p>Une cha\u00eene anonymis\u00e9e cr\u00e9\u00e9e \u00e0 partir de votre adresse e-mail (appel\u00e9e hash) peut \u00eatre envoy\u00e9e au service Gravatar pour v\u00e9rifier si vous l\u2019utilisez. Les clauses de confidentialit\u00e9 de Gravatar sont disponibles ici : <a href=\"https:\/\/automattic.com\/privacy\/\" target=\"_blank\" rel=\"noopener\">https:\/\/automattic.com\/privacy\/<\/a>.<br>Apr\u00e8s validation de votre commentaire, votre photo de profil sera visible publiquement \u00e0 c\u00f4t\u00e9 de celui-ci.<\/p>\n\n\n\n<hr class=\"wp-block-separator has-alpha-channel-opacity\"\/>\n\n\n\n<p><strong>Cookies<\/strong><\/p>\n\n\n\n<ul class=\"wp-block-list\">\n<li><strong>Commentaires<\/strong> : Si vous d\u00e9posez un commentaire, nous vous proposerons d\u2019enregistrer votre nom, adresse e-mail et site dans des cookies pour simplifier vos futures interactions. Ces cookies expirent au bout d\u2019un an.<\/li>\n\n\n\n<li><strong>Connexion<\/strong> : Lors de votre connexion, des cookies temporaires sont cr\u00e9\u00e9s pour v\u00e9rifier si votre navigateur accepte les cookies. Apr\u00e8s connexion, des cookies stockeront vos informations de connexion et vos pr\u00e9f\u00e9rences d\u2019\u00e9cran. Les cookies de connexion durent deux jours (ou deux semaines si vous s\u00e9lectionnez \u00ab Se souvenir de moi \u00bb). Ceux des pr\u00e9f\u00e9rences d\u2019\u00e9cran durent un an.<\/li>\n\n\n\n<li><strong>Modification de contenu<\/strong> : En modifiant ou publiant une publication, un cookie temporaire est enregistr\u00e9, expirant apr\u00e8s un jour.<\/li>\n<\/ul>\n\n\n\n<hr class=\"wp-block-separator has-alpha-channel-opacity\"\/>\n\n\n\n<p><strong>Contenu embarqu\u00e9 depuis d\u2019autres sites<\/strong><br>Les articles de notre site peuvent inclure des contenus int\u00e9gr\u00e9s (vid\u00e9os, images, articles). Ces contenus se comportent comme si vous visitiez directement l\u2019autre site, qui peut collecter des donn\u00e9es sur vous, utiliser des cookies ou des outils de suivi tiers.<\/p>\n\n\n\n<hr class=\"wp-block-separator has-alpha-channel-opacity\"\/>\n\n\n\n<p><strong>Utilisation et transmission de vos donn\u00e9es personnelles<\/strong><br>Si vous demandez une r\u00e9initialisation de mot de passe, votre adresse IP sera incluse dans l\u2019e-mail envoy\u00e9.<\/p>\n\n\n\n<hr class=\"wp-block-separator has-alpha-channel-opacity\"\/>\n\n\n\n<p><strong>Dur\u00e9es de stockage de vos donn\u00e9es<\/strong><\/p>\n\n\n\n<ul class=\"wp-block-list\">\n<li>Les commentaires et leurs m\u00e9tadonn\u00e9es sont conserv\u00e9s ind\u00e9finiment pour faciliter leur approbation automatique.<\/li>\n\n\n\n<li>Les donn\u00e9es personnelles des comptes cr\u00e9\u00e9s sur notre site sont conserv\u00e9es aussi longtemps que le compte est actif. Vous pouvez \u00e0 tout moment consulter, modifier ou supprimer vos informations personnelles, sauf votre identifiant.<\/li>\n<\/ul>\n\n\n\n<hr class=\"wp-block-separator has-alpha-channel-opacity\"\/>\n\n\n\n<p><strong>Les droits que vous avez sur vos donn\u00e9es<\/strong><br>Si vous poss\u00e9dez un compte ou avez laiss\u00e9 des commentaires sur notre site, vous pouvez demander :<\/p>\n\n\n\n<ol class=\"wp-block-list\">\n<li>Un fichier contenant toutes les donn\u00e9es personnelles que nous poss\u00e9dons sur vous.<\/li>\n\n\n\n<li>La suppression de vos donn\u00e9es personnelles (hors donn\u00e9es n\u00e9cessaires pour des raisons administratives, l\u00e9gales ou de s\u00e9curit\u00e9).<\/li>\n<\/ol>\n\n\n\n<hr class=\"wp-block-separator has-alpha-channel-opacity\"\/>\n\n\n\n<p><strong>Transmission de vos donn\u00e9es personnelles<\/strong><br>Les commentaires des visiteurs peuvent \u00eatre v\u00e9rifi\u00e9s par un service automatis\u00e9 de d\u00e9tection des commentaires ind\u00e9sirables.<\/p>\n\n\n\n<hr class=\"wp-block-separator has-alpha-channel-opacity\"\/>\n\n\n\n<p>Si vous avez des questions concernant notre politique de confidentialit\u00e9, n\u2019h\u00e9sitez pas \u00e0 nous contacter via notre site ou directement au bar. Merci de votre confiance et profitez de l\u2019ambiance Tiki&nbsp;! \ud83c\udf3a<\/p>\n","protected":false},"excerpt":{"rendered":"<p>Qui sommes-nous ?L\u2019adresse de notre site web est : https:\/\/fafatiki.com.Notre \u00e9tablissement, le Fafa Tiki Bar, est situ\u00e9 au 991 B AV DU PRESIDENT SALVADOR ALLENDE, 26800 PORTES-LES-VALENCE.Nous sommes actifs depuis le 15 mai 2024. Notre SIRET est 92890759100012. CommentairesLorsque vous laissez un commentaire sur notre site, les donn\u00e9es inscrites dans le formulaire de commentaire, ainsi [&hellip;]<\/p>\n","protected":false},"author":1,"featured_media":0,"parent":0,"menu_order":0,"comment_status":"closed","ping_status":"open","template":"","meta":{"_et_pb_use_builder":"","_et_pb_old_content":"","_et_gb_content_width":"","footnotes":""},"class_list":["post-3","page","type-page","status-publish","hentry"],"_links":{"self":[{"href":"https:\/\/fafatiki.com\/index.php\/wp-json\/wp\/v2\/pages\/3","targetHints":{"allow":["GET"]}}],"collection":[{"href":"https:\/\/fafatiki.com\/index.php\/wp-json\/wp\/v2\/pages"}],"about":[{"href":"https:\/\/fafatiki.com\/index.php\/wp-json\/wp\/v2\/types\/page"}],"author":[{"embeddable":true,"href":"https:\/\/fafatiki.com\/index.php\/wp-json\/wp\/v2\/users\/1"}],"replies":[{"embeddable":true,"href":"https:\/\/fafatiki.com\/index.php\/wp-json\/wp\/v2\/comments?post=3"}],"version-history":[{"count":1,"href":"https:\/\/fafatiki.com\/index.php\/wp-json\/wp\/v2\/pages\/3\/revisions"}],"predecessor-version":[{"id":416,"href":"https:\/\/fafatiki.com\/index.php\/wp-json\/wp\/v2\/pages\/3\/revisions\/416"}],"wp:attachment":[{"href":"https:\/\/fafatiki.com\/index.php\/wp-json\/wp\/v2\/media?parent=3"}],"curies":[{"name":"wp","href":"https:\/\/api.w.org\/{rel}","templated":true}]}}